{"id":3958,"date":"2018-06-30T15:20:05","date_gmt":"2018-06-30T13:20:05","guid":{"rendered":"http:\/\/maximilianschneider.eu\/?page_id=3958"},"modified":"2025-08-13T20:51:35","modified_gmt":"2025-08-13T18:51:35","slug":"datenschutzerklaerung","status":"publish","type":"page","link":"https:\/\/www.maximilianschneider.eu\/en\/datenschutzerklaerung\/","title":{"rendered":"Privacy policy"},"content":{"rendered":"<div id=\"fws_69def080a50e6\"  data-column-margin=\"default\" data-midnight=\"dark\"  class=\"wpb_row vc_row-fluid vc_row\"  style=\"padding-top: 0px; padding-bottom: 0px; \"><div class=\"row-bg-wrap\" data-bg-animation=\"none\" data-bg-animation-delay=\"\" data-bg-overlay=\"false\"><div class=\"inner-wrap row-bg-layer\" ><div class=\"row-bg viewport-desktop\"  style=\"\"><\/div><\/div><\/div><div class=\"row_col_wrap_12 col span_12 dark left\">\n\t<div  class=\"vc_col-sm-8 wpb_column column_container vc_column_container col no-extra-padding\"  data-padding-pos=\"all\" data-has-bg-color=\"false\" data-bg-color=\"\" data-bg-opacity=\"1\" data-animation=\"\" data-delay=\"0\" >\n\t\t<div class=\"vc_column-inner\" >\n\t\t\t<div class=\"wpb_wrapper\">\n\t\t\t\t\n<div class=\"wpb_text_column wpb_content_element\" >\n\t<h2><\/h2>\n<h3><strong>PRIVACY POLICY<\/strong><\/h3>\n<p>I, Maximilian Schneider am committed to protecting your privacy. Contact me if you have any questions or concerns about the use of your personal information and I will be happy to help. By using this website, you consent to the processing of your personal data as described in this privacy policy.<\/p>\n<h3>TABLE OF CONTENTS<\/h3>\n<ol>\n<li><a href=\"#gdpr-definitions\">Definitions used in this policy<\/a><\/li>\n<li><a href=\"#gdpr-principles\">Privacy principles that I follow<\/a><\/li>\n<li><a href=\"#gdpr-rights\">What rights do you have with regard to your personal data?<\/a><\/li>\n<li><a href=\"#gdpr-information\">What personal data is collected about you<\/a><\/li>\n<li><a href=\"#gdpr-processing\">How your personal data is used<\/a><\/li>\n<li><a href=\"#gdpr-sharing\">Who else has access to your personal data?<\/a><\/li>\n<li><a href=\"#gdpr-security\">How your data is backed up<\/a><\/li>\n<li><a href=\"#gdpr-cookies\">Information about cookies<\/a><\/li>\n<li><a href=\"#gdpr-contact\">Contact information<\/a><\/li>\n<\/ol>\n<h3 id=\"gdpr-definitions\">Definitions<\/h3>\n<p><strong>Pers\u00f6nliche Daten<\/strong> &#8211; alle Informationen \u00fcber eine identifizierte oder identifizierbare nat\u00fcrliche Person.<br \/>\n<strong>Verarbeitung<\/strong> &#8211; jede Operation oder jede Anzahl von Operationen, die mit pers\u00f6nlichen Daten oder mit pers\u00f6nlichen Daten durchgef\u00fchrt wird.<br \/>\n<strong>Betroffener<\/strong> &#8211; eine nat\u00fcrliche Person, deren pers\u00f6nliche Daten verarbeitet werden.<br \/>\n<strong>Kind<\/strong> &#8211; eine nat\u00fcrliche Person unter 16 Jahren.<br \/>\n<strong>Ich\/Mein<\/strong> &#8211; Maximilian Schneider<\/p>\n<h3 id=\"gdpr-principles\">Datenschutz-Grunds\u00e4tze<\/h3>\n<p>Ich verpflichte mich, die folgenden Datenschutzgrunds\u00e4tze einzuhalten:<\/p>\n<ul>\n<li>Die Verarbeitung der Daten ist rechtm\u00e4\u00dfig, fair und transparent. Meine Verarbeitungst\u00e4tigkeiten erfolgen im Einklang mit geltendem Recht. Ich ber\u00fccksichtige stets Ihre Rechte bez\u00fcglich der Verarbeitung personenbezogener Daten. Informationen zur Verarbeitung erhalten Sie auf Anfrage.<\/li>\n<li>Die Verarbeitung der Nutzerdaten ist Zweckgebunden. Meine Verarbeitungsaktivit\u00e4ten werden ausschliesslich zu Erkenntnissen der Nutzung sowie zur Verbesserung der Benutzerfreundlichkeit meines Internetauftritts verwendet.<\/li>\n<li>Die Verarbeitung erfolgt mit minimalen Daten. Es werden nur eine minimale Menge an personenbezogenen Daten, die zu Erkenntnissen der Nutzung sowie zur Verbesserung der Benutzerfreundlichkeit meines Internetauftritts erforderlich sind erhoben und verarbeitet.<\/li>\n<li>Die Verarbeitung ist zeitlich begrenzt. Ihre pers\u00f6nlichen Daten werden nicht l\u00e4nger als n\u00f6tig gespeichert.<\/li>\n<li>Ich werde mein Bestes tun, um die Richtigkeit der Daten zu gew\u00e4hrleisten.<\/li>\n<li>Ich werde mein Bestes tun, um die Sicherheit und Vertraulichkeit der Daten zu gew\u00e4hrleisten.<\/li>\n<\/ul>\n<h3 id=\"gdpr-rights\">Rechte des Betroffenen<\/h3>\n<p>Der Betroffene hat folgende Rechte:<\/p>\n<ol>\n<li>Auskunftsrecht &#8211; d.h. Sie haben das Recht zu erfahren, ob Ihre personenbezogenen Daten verarbeitet werden, welche Daten erhoben werden, woher sie stammen und warum und von wem sie verarbeitet werden.<\/li>\n<li>Zugriffsrecht &#8211; d.h. Sie haben das Recht, auf die von Ihnen gesammelten Daten zuzugreifen. Dies schlie\u00dft Ihr Recht ein, eine Kopie Ihrer gesammelten pers\u00f6nlichen Daten anzufordern und zu erhalten.<\/li>\n<li>Recht auf Berichtigung &#8211; d.h. Sie haben das Recht auf Berichtigung oder L\u00f6schung Ihrer personenbezogenen Daten, die unrichtig oder unvollst\u00e4ndig sind.<\/li>\n<li>Recht auf L\u00f6schung &#8211; d.h. unter bestimmten Umst\u00e4nden k\u00f6nnen Sie die L\u00f6schung Ihrer pers\u00f6nlichen Daten aus unseren Aufzeichnungen verlangen.<\/li>\n<li>Recht auf Einschr\u00e4nkung der Verarbeitung &#8211; d.h. wenn bestimmte Bedingungen erf\u00fcllt sind, haben Sie das Recht, die Verarbeitung Ihrer pers\u00f6nlichen Daten einzuschr\u00e4nken.<\/li>\n<li>Widerspruchsrecht &#8211; d.h. in bestimmten F\u00e4llen haben Sie das Recht, der Verarbeitung Ihrer personenbezogenen Daten zu widersprechen, z.B. f\u00fcr Direktmarketing. Ich nutze Ihre Daten in keiner Form f\u00fcr Marketingma\u00dfnahmen.<\/li>\n<li>Recht, der automatisierten Verarbeitung zu widersprechen &#8211; d.h. Sie haben das Recht, der automatisierten Verarbeitung, einschlie\u00dflich der Profilierung, zu widersprechen; und nicht einer Entscheidung zu unterliegen, die ausschlie\u00dflich auf der automatisierten Verarbeitung beruht. Dieses Recht k\u00f6nnen Sie immer dann aus\u00fcben, wenn ein Ergebnis der Profilerstellung rechtliche Auswirkungen auf Sie hat oder Sie erheblich beeintr\u00e4chtigt.<\/li>\n<li>Recht auf Daten\u00fcbertragbarkeit &#8211; Sie haben das Recht, Ihre pers\u00f6nlichen Daten in einem maschinenlesbaren Format oder, wenn m\u00f6glich, als direkte \u00dcbertragung von einem Prozessor zum anderen zu erhalten.<\/li>\n<li>Recht, eine Beschwerde einzureichen &#8211; falls Ich Ihre Anfrage im Rahmen der Zugriffsrechte ablehne, werde ich Ihnen einen Grund daf\u00fcr nennen. Sollten Sie mit der Bearbeitung Ihrer Anfrage nicht zufrieden sein, kontaktieren Sie mich bitte.<\/li>\n<li>Recht auf Hilfe der <a href=\"#gdpr-contact\">Aufsichtsbeh\u00f6rde<\/a> &#8211; d.h. Sie haben das Recht auf Hilfe einer Aufsichtsbeh\u00f6rde und das Recht auf andere Rechtsmittel wie z.B. die Geltendmachung von Schadensersatz.<\/li>\n<li>Widerrufsrecht &#8211; Sie haben das Recht, eine erteilte Einwilligung zur Verarbeitung Ihrer personenbezogenen Daten zu widerrufen.<\/li>\n<\/ol>\n<h3 id=\"gdpr-information\">Daten, die gesammelt werden<\/h3>\n<p>Informationen, die Sie mir gegeben haben. Dies k\u00f6nnen Ihre E-Mail-Adresse, Ihr Name, Ihre Rechnungsadresse, Ihre Privatadresse usw. sein &#8211; haupts\u00e4chlich Informationen, die notwendig sind, um Ihnen eine Dienstleistung zu liefern oder Ihre Kundenerfahrung mit uns zu verbessern. Ich speichere die Informationen, die Sie mir zur Verf\u00fcgung stellen, damit Sie Aktivit\u00e4ten auf der Website durchf\u00fchren k\u00f6nnen. Dazu geh\u00f6ren z.B. Ihr Name und Ihre E-Mail-Adresse.<\/p>\n<p><strong>Automatisch gesammelte Informationen <\/strong><br \/>\nDazu geh\u00f6ren auch Informationen, die von Cookies und anderen Session-Tools automatisch gespeichert werden &#8211; zum Beispiel Ihre IP-Adresse. Diese Informationen werden verwendet, um Ihr Benutzerfreundlichkeit meiner Website zu verbessern. Wenn Sie meine Internetseite nutzen oder sich die Inhalte auf meiner Website ansehen, k\u00f6nnen Ihre Aktivit\u00e4ten protokolliert werden.<\/p>\n<p><strong>Informationen von unseren Partnern<\/strong><br \/>\nWir sammeln Informationen von unseren vertrauensw\u00fcrdigen Partnern mit der Best\u00e4tigung, dass sie rechtliche Gr\u00fcnde haben, diese Informationen mit uns zu teilen. Dies sind entweder Informationen, die Sie ihnen direkt zur Verf\u00fcgung gestellt haben oder die sie aus anderen rechtlichen Gr\u00fcnden \u00fcber Sie gesammelt haben. Die Liste unserer Partner finden Sie <a href=\"#gdpr-sharing\">hier<\/a>.<\/p>\n<p><strong>\u00d6ffentlich zug\u00e4ngliche Informationen<\/strong><br \/>\nIch darf Informationen \u00fcber Sie sammeln, die \u00f6ffentlich zug\u00e4nglich sind.<\/p>\n<h3 id=\"gdpr-processing\">Wie ich Ihre pers\u00f6nlichen Daten verwende<\/h3>\n<p>Ich verwende Ihre pers\u00f6nlichen Daten, um:<\/p>\n<ul>\n<li>Ihnen meinen Service zur Verf\u00fcgung zu stellen. Dazu geh\u00f6ren beispielsweise die Bereitstellung von Dienstleistungen, die Sie angefordert haben und die Kommunikation mit Ihnen in Bezug auf diese Dienstleistungen, die Kommunikation und Interaktion mit Ihnen sowie die Benachrichtigung \u00fcber \u00c4nderungen an den Dienstleistungen.<\/li>\n<li>Verbesserung Ihres Nutzererlebnises;<\/li>\n<li>Um eine gesetzliche oder vertragliche Verpflichtung zu erf\u00fcllen<\/li>\n<\/ul>\n<p>Ich verwende Ihre pers\u00f6nlichen Daten aus legitimen Gr\u00fcnden und\/oder mit Ihrer Zustimmung.<\/p>\n<p>Auf Grund des Vertragsabschlusses oder der Erf\u00fcllung vertraglicher Verpflichtungen verarbeite ich Ihre personenbezogenen Daten f\u00fcr die folgenden Zwecke:<\/p>\n<ul>\n<li>Um Sie zu identifizieren;<\/li>\n<li>Um Ihnen einen Service zu bieten oder Ihnen eine Dienstleistung anzubieten;<\/li>\n<li>Um entweder f\u00fcr den Verkauf oder die Rechnungsstellung zu kommunizieren;<\/li>\n<\/ul>\n<p>Aus Gr\u00fcnden des berechtigten Interesses verarbeite ich Ihre personenbezogenen Daten f\u00fcr die folgenden Zwecke:<\/p>\n<ul>\n<li>Um die Qualit\u00e4t, Vielfalt und Verf\u00fcgbarkeit der angebotenen Dienstleistungen zu verbessern;<\/li>\n<li>Befragungen zur Nutzerzufriedenheit durchzuf\u00fchren<\/li>\n<\/ul>\n<p>Solange Sie mich nicht anderweitig informiert haben, betrachte ich es als mein legitimes Interesse, Ihnen Dienstleistungen anzubieten, die Ihrem Browserverhalten \u00e4hnlich oder gleich sind.<\/p>\n<p>Mit Ihrer Einwilligung verarbeite ich Ihre personenbezogenen Daten zu folgenden Zwecken:<\/p>\n<ul>\n<li>Ihnen Dienstleistungsangebote von mir zuzusenden;<\/li>\n<li>f\u00fcr andere Zwecke haben wir um Ihre Zustimmung gebeten;<\/li>\n<\/ul>\n<p>Ich verarbeite Ihre personenbezogenen Daten zur Erf\u00fcllung gesetzlicher Verpflichtungen und\/oder zur Nutzung Ihrer personenbezogenen Daten f\u00fcr gesetzlich vorgesehene Zwecke. Ich behalte mir das Recht vor, gesammelte personenbezogene Daten zu anonymisieren und zu verwenden. Ich verwende Daten, die nicht in den Geltungsbereich dieser Richtlinie fallen, nur dann, wenn sie anonymisiert sind. Ich speichere Ihre Rechnungsdaten und andere \u00fcber Sie gesammelte Informationen so lange, wie es f\u00fcr Abrechnungszwecke oder andere gesetzliche Verpflichtungen erforderlich ist.<\/p>\n<p>Ich kann Ihre pers\u00f6nlichen Daten f\u00fcr weitere Zwecke verarbeiten, die hier nicht aufgef\u00fchrt sind, aber mit dem urspr\u00fcnglichen Zweck, f\u00fcr den die Daten erhoben wurden, kompatibel sind. Sollte es hierzu kommen, werde ich daf\u00fcr sorgen, dass:<\/p>\n<ul>\n<li>Der Zusammenhang zwischen Zweck, Kontext und Art der personenbezogenen Daten f\u00fcr die weitere Verarbeitung geeignet ist;<\/li>\n<li>Die weitere Verarbeitung Ihren Interessen nicht schadet;<\/li>\n<li>Eine angemessene Sicherung f\u00fcr die Verarbeitung gegeben ist.<\/li>\n<\/ul>\n<p>Ich werde Sie \u00fcber die weitere Verarbeitung und den Zweck der Verwendung informieren.<\/p>\n<h3 id=\"gdpr-sharing\">Wer sonst kann auf Ihre pers\u00f6nlichen Daten zugreifen?<\/h3>\n<p>Ich gebe Ihre pers\u00f6nlichen Daten nicht an Fremde weiter. Pers\u00f6nliche Daten \u00fcber Sie werden auch nicht an Partner weitergegeben.<\/p>\n<p>Ich gebe Ihre personenbezogenen Daten nur dann an Dritte oder Beh\u00f6rden weiter, wenn ich gesetzlich dazu verpflichtet bin. Ich kann Ihre pers\u00f6nlichen Daten an Dritte weitergeben, wenn Sie dem ausdr\u00fccklich zugestimmt haben oder wenn es andere rechtliche Gr\u00fcnde daf\u00fcr gibt.<\/p>\n<h3 id=\"gdpr-security\">Wie ich Ihre Daten sichere<\/h3>\n<p>Ich tue mein Bestes, um Ihre pers\u00f6nlichen Daten zu sch\u00fctzen. Ich verwende sichere Protokolle f\u00fcr die Kommunikation und Daten\u00fcbertragung (z.B. HTTPS). Ich verwende Anonymisierung und Pseudonymisierung, wo dies sinnvoll ist. Ich \u00fcberwache unsere Systeme auf m\u00f6gliche Schwachstellen und Angriffe.<\/p>\n<p>Auch wenn ich mein Bestes gebe, kann ich die Sicherheit der Informationen nicht garantieren. Ich verpflichte mich jedoch, die zust\u00e4ndigen Beh\u00f6rden \u00fcber Datenschutzverletzungen zu informieren, sobald sie mir bekannt werden. Ich werde Sie benachrichtigen, wenn Ihre Rechte oder Interessen gef\u00e4hrdet sind. Ich werde alles in meiner Macht stehende tun, um Sicherheitsverst\u00f6\u00dfe zu verhindern und die Beh\u00f6rden bei Verst\u00f6\u00dfen zu unterst\u00fctzen.<\/p>\n<h3>Kinder<\/h3>\n<p>Ich beabsichtige nicht, Informationen von Kindern zu sammeln oder wissentlich zu sammeln. Ich richte mich mit meinen Dienstleistungen nicht an Kinder.<\/p>\n<h3 id=\"gdpr-cookies\">Cookies und andere von uns verwendete Technologien<\/h3>\n<p>Ich verwende Cookies und\/oder \u00e4hnliche Technologien, um das Nutzerverhalten zu analysieren, die Website zu verwalten, die Bewegungen der Nutzer zu verfolgen und Informationen \u00fcber Nutzer zu sammeln. Dies geschieht ausschliesslich, um die Benutzerfreundlichkeit des Internetauftritts und die Zusammenstellung bzw. Aufbereitung der Inhalte zu verbessern.<\/p>\n<p>Ein Cookie ist eine kleine Textdatei, die auf Ihrem Computer gespeichert wird. Cookies speichern Informationen, die dazu beitragen, dass Websites funktionieren. Nur ich kann auf die von meiner Website erzeugten Cookies zugreifen. Sie k\u00f6nnen Ihre Cookies auf Browser-Ebene steuern. Das Deaktivieren von Cookies kann die Nutzung bestimmter Funktionen behindern.<\/p>\n<p><strong>Wir verwenden Cookies f\u00fcr die folgenden Zwecke:<\/strong><\/p>\n<ul>\n<li>Notwendige Cookies &#8211; diese Cookies sind erforderlich, damit Sie einige wichtige Funktionen meiner Website nutzen k\u00f6nnen. Diese Cookies sammeln keine pers\u00f6nlichen Informationen.<\/li>\n<li>Funktionalit\u00e4ts-Cookies &#8211; diese Cookies bieten eine Funktionalit\u00e4t, die die Nutzung meines Internetauftritts komfortabler macht. Beispielsweise k\u00f6nnen sie sich Ihren Namen und Ihre E-Mail in Kontaktformularen merken, so dass Sie diese Informationen beim n\u00e4chsten Mal nicht erneut eingeben m\u00fcssen.<\/li>\n<li>Analyse-Cookies &#8211; diese Cookies werden verwendet, um die Nutzung und Leistung meiner Website zu verfolgen.<\/li>\n<\/ul>\n<p>Sie k\u00f6nnen auf Ihrem Computer gespeicherte Cookies \u00fcber Ihre Browsereinstellungen entfernen. Alternativ k\u00f6nnen Sie einige Cookies von Drittanbietern \u00fcber eine Plattform zur Verbesserung der Privatsph\u00e4re wie <a href=\"http:\/\/optout.aboutads.info\/#!\/\" target=\"_blank\" rel=\"noopener\">optout.aboutads.info<\/a> oder <a href=\"http:\/\/www.youronlinechoices.com\/\" target=\"_blank\" rel=\"noopener\">youronlinechoices.com<\/a> steuern. Weitere Informationen \u00fcber Cookies finden Sie unter <a href=\"http:\/\/www.allaboutcookies.org\" target=\"_blank\" rel=\"noopener\">allaboutcookies.org<\/a>.<\/p>\n<p>Ich verwende Google Analytics, um den Traffic auf meiner Website zu messen. Google hat seine eigenen Datenschutzbestimmungen, die Sie <a href=\"https:\/\/support.google.com\/analytics\/answer\/6004245\" target=\"_blank\" rel=\"noopener\">hier<\/a> einsehen k\u00f6nnen. Wenn Sie das Tracking durch Google Analytics deaktivieren m\u00f6chten, besuchen Sie die Seite <a href=\"https:\/\/tools.google.com\/dlpage\/gaoptout\" target=\"_blank\" rel=\"noopener\">Google Analytics opt-out page<\/a> zum Deaktivieren von Google Analytics.<\/p>\n<h3 id=\"gdpr-contact\">Contact<\/h3>\n<p>Maximilian Schneider<br \/>\n<a href=\"mailto:mail@maximilianschneider.eu\">mail@maximilianschneider.eu<\/a><br \/>\nSchwamendingenstrasse 24<br \/>\nCH-8050, Z\u00fcrich<\/p>\n<p><strong id=\"gdpr-dpa\">Aufsichtsbeh\u00f6rde<br \/>\n<\/strong><a href=\"https:\/\/www.edoeb.admin.ch\/edoeb\/de\/home.html\">https:\/\/www.edoeb.admin.ch\/edoeb\/de\/home.html<\/a><strong id=\"gdpr-dpa\"><br \/>\n<\/strong><\/p>\n<h3 id=\"gdpr-changes\">\u00c4nderungen dieser Datenschutzerkl\u00e4rung<\/h3>\n<p>Ich behalte mir das Recht vor, diese Datenschutzerkl\u00e4rung zu \u00e4ndern.<br \/>\nDie letzte \u00c4nderung wurde am 30. Juni 2018 vorgenommen.<\/p>\n<\/div>\n\n\n\n\n\t\t\t<\/div> \n\t\t<\/div>\n\t<\/div> \n\n\t<div  class=\"vc_col-sm-4 wpb_column column_container vc_column_container col no-extra-padding\"  data-padding-pos=\"all\" data-has-bg-color=\"false\" data-bg-color=\"\" data-bg-opacity=\"1\" data-animation=\"\" data-delay=\"0\" >\n\t\t<div class=\"vc_column-inner\" >\n\t\t\t<div class=\"wpb_wrapper\">\n\t\t\t\t\n\t\t\t<\/div> \n\t\t<\/div>\n\t<\/div> \n<\/div><\/div>","protected":false},"excerpt":{"rendered":"DATENSCHUTZERKL\u00c4RUNG Ich, Maximilian Schneider verpflichte mich, Ihre Privatsph\u00e4re zu sch\u00fctzen. Kontaktieren Sie mich, wenn Sie Fragen oder Probleme bei der Verwendung Ihrer pers\u00f6nlichen Daten haben und ich helfe Ihnen gerne...","protected":false},"author":1,"featured_media":0,"parent":0,"menu_order":4,"comment_status":"closed","ping_status":"closed","template":"","meta":{"_acf_changed":false,"jetpack_post_was_ever_published":false,"footnotes":""},"class_list":["post-3958","page","type-page","status-publish"],"acf":[],"jetpack_sharing_enabled":true,"jetpack_shortlink":"https:\/\/wp.me\/PaqCvK-11Q","_links":{"self":[{"href":"https:\/\/www.maximilianschneider.eu\/en\/wp-json\/wp\/v2\/pages\/3958","targetHints":{"allow":["GET"]}}],"collection":[{"href":"https:\/\/www.maximilianschneider.eu\/en\/wp-json\/wp\/v2\/pages"}],"about":[{"href":"https:\/\/www.maximilianschneider.eu\/en\/wp-json\/wp\/v2\/types\/page"}],"author":[{"embeddable":true,"href":"https:\/\/www.maximilianschneider.eu\/en\/wp-json\/wp\/v2\/users\/1"}],"replies":[{"embeddable":true,"href":"https:\/\/www.maximilianschneider.eu\/en\/wp-json\/wp\/v2\/comments?post=3958"}],"version-history":[{"count":20,"href":"https:\/\/www.maximilianschneider.eu\/en\/wp-json\/wp\/v2\/pages\/3958\/revisions"}],"predecessor-version":[{"id":3978,"href":"https:\/\/www.maximilianschneider.eu\/en\/wp-json\/wp\/v2\/pages\/3958\/revisions\/3978"}],"wp:attachment":[{"href":"https:\/\/www.maximilianschneider.eu\/en\/wp-json\/wp\/v2\/media?parent=3958"}],"curies":[{"name":"wp","href":"https:\/\/api.w.org\/{rel}","templated":true}]}}